{"id":39,"date":"2022-06-28T19:34:18","date_gmt":"2022-06-28T19:34:18","guid":{"rendered":"https:\/\/tiendaoficial.ar\/to\/?page_id=39"},"modified":"2022-06-28T19:41:07","modified_gmt":"2022-06-28T19:41:07","slug":"arrepentimiento-pyrex","status":"publish","type":"page","link":"https:\/\/tiendaoficial.ar\/to\/arrepentimiento-pyrex\/","title":{"rendered":"Arrepentimiento Pyrex"},"content":{"rendered":"\t\t<div data-elementor-type=\"wp-page\" data-elementor-id=\"39\" class=\"elementor elementor-39\">\n\t\t\t\t\t\t<section class=\"elementor-section elementor-top-section elementor-element elementor-element-6c2fb44 elementor-section-boxed elementor-section-height-default elementor-section-height-default\" data-id=\"6c2fb44\" data-element_type=\"section\" data-e-type=\"section\">\n\t\t\t\t\t\t<div class=\"elementor-container elementor-column-gap-default\">\n\t\t\t\t\t<div class=\"elementor-column elementor-col-100 elementor-top-column elementor-element elementor-element-3506333\" data-id=\"3506333\" data-element_type=\"column\" data-e-type=\"column\">\n\t\t\t<div class=\"elementor-widget-wrap elementor-element-populated\">\n\t\t\t\t\t\t<div class=\"elementor-element elementor-element-b8eb75c elementor-widget elementor-widget-image\" data-id=\"b8eb75c\" data-element_type=\"widget\" data-e-type=\"widget\" data-widget_type=\"image.default\">\n\t\t\t\t<div class=\"elementor-widget-container\">\n\t\t\t\t\t\t\t\t\t\t\t\t\t\t\t<img decoding=\"async\" width=\"300\" height=\"120\" src=\"https:\/\/tiendaoficial.ar\/to\/wp-content\/uploads\/2022\/06\/logo-300x120.png\" class=\"attachment-medium size-medium wp-image-14\" alt=\"\" srcset=\"https:\/\/tiendaoficial.ar\/to\/wp-content\/uploads\/2022\/06\/logo-300x120.png 300w, https:\/\/tiendaoficial.ar\/to\/wp-content\/uploads\/2022\/06\/logo.png 575w\" sizes=\"(max-width: 300px) 100vw, 300px\" \/>\t\t\t\t\t\t\t\t\t\t\t\t\t\t\t<\/div>\n\t\t\t\t<\/div>\n\t\t\t\t\t<\/div>\n\t\t<\/div>\n\t\t\t\t\t<\/div>\n\t\t<\/section>\n\t\t\t\t<section class=\"elementor-section elementor-top-section elementor-element elementor-element-c32148c elementor-section-boxed elementor-section-height-default elementor-section-height-default\" data-id=\"c32148c\" data-element_type=\"section\" data-e-type=\"section\">\n\t\t\t\t\t\t<div class=\"elementor-container elementor-column-gap-default\">\n\t\t\t\t\t<div class=\"elementor-column elementor-col-100 elementor-top-column elementor-element elementor-element-37127d6\" data-id=\"37127d6\" data-element_type=\"column\" data-e-type=\"column\">\n\t\t\t<div class=\"elementor-widget-wrap elementor-element-populated\">\n\t\t\t\t\t\t<div class=\"elementor-element elementor-element-58097e0 elementor-widget elementor-widget-heading\" data-id=\"58097e0\" data-element_type=\"widget\" data-e-type=\"widget\" data-widget_type=\"heading.default\">\n\t\t\t\t<div class=\"elementor-widget-container\">\n\t\t\t\t\t<h2 class=\"elementor-heading-title elementor-size-default\">Bot\u00f3n de arrepentimiento.<\/h2>\t\t\t\t<\/div>\n\t\t\t\t<\/div>\n\t\t\t\t<div class=\"elementor-element elementor-element-a62238f elementor-widget elementor-widget-text-editor\" data-id=\"a62238f\" data-element_type=\"widget\" data-e-type=\"widget\" data-widget_type=\"text-editor.default\">\n\t\t\t\t<div class=\"elementor-widget-container\">\n\t\t\t\t\t\t\t\t\t<p>Los datos marcados con un * son obligatorios. Estos nos sirven para poder procesar la solicitud de manera eficaz.<\/p><p>Una vez recibido el formulario nos contactaremos para avanzar en el caso.<\/p>\t\t\t\t\t\t\t\t<\/div>\n\t\t\t\t<\/div>\n\t\t\t\t<div class=\"elementor-element elementor-element-3e3b7d9 elementor-widget elementor-widget-shortcode\" data-id=\"3e3b7d9\" data-element_type=\"widget\" data-e-type=\"widget\" data-widget_type=\"shortcode.default\">\n\t\t\t\t<div class=\"elementor-widget-container\">\n\t\t\t\t\t\t\t<div class=\"elementor-shortcode\"><div class=\"forminator-ui forminator-custom-form forminator-custom-form-44 forminator-design--material  forminator_ajax\" data-forminator-render=\"0\" data-form=\"forminator-module-44\" data-uid=\"69df93b525871\"><br\/><\/div><form\n\t\t\t\tid=\"forminator-module-44\"\n\t\t\t\tclass=\"forminator-ui forminator-custom-form forminator-custom-form-44 forminator-design--material  forminator_ajax\"\n\t\t\t\tmethod=\"post\"\n\t\t\t\tdata-forminator-render=\"0\"\n\t\t\t\tdata-form-id=\"44\"\n\t\t\t\t data-color-option=\"default\" data-design=\"material\" data-grid=\"open\" style=\"display: none;\"\n\t\t\t\tdata-uid=\"69df93b525871\"\n\t\t\t><div role=\"alert\" aria-live=\"polite\" class=\"forminator-response-message forminator-error\" aria-hidden=\"true\"><\/div><div class=\"forminator-row\"><div id=\"name-1\" class=\"forminator-field-name forminator-col forminator-col-12 \"><div class=\"forminator-field\"><label for=\"forminator-field-name-1_69df93b525871\" id=\"forminator-field-name-1_69df93b525871-label\" class=\"forminator-label\">Nombre completo <span class=\"forminator-required\">*<\/span><\/label><input type=\"text\" name=\"name-1\" value=\"\" placeholder=\"Ejemplo: Juan P\u00e9rez\" id=\"forminator-field-name-1_69df93b525871\" class=\"forminator-input forminator-name--field\" aria-required=\"true\" autocomplete=\"name\" \/><\/div><\/div><\/div><div class=\"forminator-row\"><div id=\"text-1\" class=\"forminator-field-text forminator-col forminator-col-6 \"><div class=\"forminator-field\"><label for=\"forminator-field-text-1_69df93b525871\" id=\"forminator-field-text-1_69df93b525871-label\" class=\"forminator-label\">Numero de pedido <span class=\"forminator-required\">*<\/span><\/label><input type=\"text\" name=\"text-1\" value=\"\" placeholder=\"Ejemplo: 440\" id=\"forminator-field-text-1_69df93b525871\" class=\"forminator-input forminator-name--field\" data-required=\"1\" \/><\/div><\/div><div id=\"date-1\" class=\"forminator-field-date forminator-col forminator-col-6 \"><div class=\"forminator-field\"><label for=\"forminator-field-date-1-picker_69df93b525871\" id=\"forminator-field-date-1-picker_69df93b525871-label\" class=\"forminator-label\">Fecha de compra <span class=\"forminator-required\">*<\/span><\/label><div class=\"forminator-input-with-icon\"><span class=\"forminator-icon-calendar\" aria-hidden=\"true\"><\/span><input autocomplete=\"off\" type=\"text\" size=\"1\" name=\"date-1\" value=\"\" placeholder=\"Elegir fecha\" id=\"forminator-field-date-1-picker_69df93b525871\" class=\"forminator-input forminator-datepicker\" data-required=\"1\" data-format=\"yy\/mm\/dd\" data-restrict-type=\"\" data-restrict=\"\" data-start-year=\"1926\" data-end-year=\"2126\" data-past-dates=\"enable\" data-start-of-week=\"1\" data-start-date=\"\" data-end-date=\"\" data-start-field=\"\" data-end-field=\"\" data-start-offset=\"\" data-end-offset=\"\" data-disable-date=\"\" data-disable-range=\"\" \/><\/div><\/div><\/div><\/div><div class=\"forminator-row\"><div id=\"email-1\" class=\"forminator-field-email forminator-col forminator-col-12 \"><div class=\"forminator-field\"><label for=\"forminator-field-email-1_69df93b525871\" id=\"forminator-field-email-1_69df93b525871-label\" class=\"forminator-label\">Correo electr\u00f3nico <span class=\"forminator-required\">*<\/span><\/label><input type=\"email\" name=\"email-1\" value=\"\" placeholder=\"\" id=\"forminator-field-email-1_69df93b525871\" class=\"forminator-input forminator-email--field\" data-required=\"1\" aria-required=\"true\" autocomplete=\"email\" \/><\/div><\/div><\/div><div class=\"forminator-row\"><div id=\"phone-1\" class=\"forminator-field-phone forminator-col forminator-col-12 \"><div class=\"forminator-field\"><label for=\"forminator-field-phone-1_69df93b525871\" id=\"forminator-field-phone-1_69df93b525871-label\" class=\"forminator-label\">Tel\u00e9fono <span class=\"forminator-required\">*<\/span><\/label><input type=\"text\" name=\"phone-1\" value=\"\" placeholder=\"Ejemplo: +1 300 400 5000\" id=\"forminator-field-phone-1_69df93b525871\" class=\"forminator-input forminator-field--phone\" data-required=\"1\" aria-required=\"true\" autocomplete=\"off\" \/><\/div><\/div><\/div><div class=\"forminator-row\"><div id=\"textarea-1\" class=\"forminator-field-textarea forminator-col forminator-col-12 \"><div class=\"forminator-field\"><label for=\"forminator-field-textarea-1_69df93b525871\" id=\"forminator-field-textarea-1_69df93b525871-label\" class=\"forminator-label\">Motivo de la solicitud.<\/label><textarea name=\"textarea-1\" placeholder=\"Ejemplo: texto de marcador de posici\u00f3n Puedes a\u00f1adir una nueva l\u00ednea\" id=\"forminator-field-textarea-1_69df93b525871\" class=\"forminator-textarea\" rows=\"6\" style=\"min-height:140px;\" ><\/textarea><\/div><\/div><\/div><input type=\"hidden\" name=\"referer_url\" value=\"\" \/><div class=\"forminator-row forminator-row-last\"><div class=\"forminator-col\"><div class=\"forminator-field\"><button class=\"forminator-button forminator-button-submit\"><span>Enviar mensaje<\/span><span aria-hidden=\"true\"><\/span><\/button><\/div><\/div><\/div><input type=\"hidden\" id=\"forminator_nonce\" name=\"forminator_nonce\" value=\"86635b92cc\" \/><input type=\"hidden\" name=\"_wp_http_referer\" value=\"\/to\/wp-json\/wp\/v2\/pages\/39\" \/><input type=\"hidden\" name=\"form_id\" value=\"44\"><input type=\"hidden\" name=\"page_id\" value=\"39\"><input type=\"hidden\" name=\"form_type\" value=\"default\"><input type=\"hidden\" name=\"current_url\" value=\"https:\/\/tiendaoficial.ar\/to\/arrepentimiento-pyrex\/\"><input type=\"hidden\" name=\"render_id\" value=\"0\"><input type=\"hidden\" name=\"action\" value=\"forminator_submit_form_custom-forms\"><\/form><\/div>\n\t\t\t\t\t\t<\/div>\n\t\t\t\t<\/div>\n\t\t\t\t\t<\/div>\n\t\t<\/div>\n\t\t\t\t\t<\/div>\n\t\t<\/section>\n\t\t\t\t<section class=\"elementor-section elementor-top-section elementor-element elementor-element-d5c8147 elementor-section-boxed elementor-section-height-default elementor-section-height-default\" data-id=\"d5c8147\" data-element_type=\"section\" data-e-type=\"section\">\n\t\t\t\t\t\t<div class=\"elementor-container elementor-column-gap-default\">\n\t\t\t\t\t<div class=\"elementor-column elementor-col-100 elementor-top-column elementor-element elementor-element-d5aa2df\" data-id=\"d5aa2df\" data-element_type=\"column\" data-e-type=\"column\">\n\t\t\t<div class=\"elementor-widget-wrap elementor-element-populated\">\n\t\t\t\t\t\t<div class=\"elementor-element elementor-element-94106d2 elementor-widget elementor-widget-heading\" data-id=\"94106d2\" data-element_type=\"widget\" data-e-type=\"widget\" data-widget_type=\"heading.default\">\n\t\t\t\t<div class=\"elementor-widget-container\">\n\t\t\t\t\t<h2 class=\"elementor-heading-title elementor-size-default\">Informaci\u00f3n de inter\u00e9s<\/h2>\t\t\t\t<\/div>\n\t\t\t\t<\/div>\n\t\t\t\t<div class=\"elementor-element elementor-element-e28fd12 elementor-widget elementor-widget-text-editor\" data-id=\"e28fd12\" data-element_type=\"widget\" data-e-type=\"widget\" data-widget_type=\"text-editor.default\">\n\t\t\t\t<div class=\"elementor-widget-container\">\n\t\t\t\t\t\t\t\t\t<h5>\u00bfQu\u00e9 es el bot\u00f3n de arrepentimiento?<\/h5><p>Es un link que deben incluir las p\u00e1ginas web que venden productos o servicios para que puedas revocar f\u00e1cilmente tu compra.<\/p><p>El \u201cbot\u00f3n de arrepentimiento\u201d debe ser un link de acceso f\u00e1cil y directo desde la p\u00e1gina de inicio del sitio de Internet. Debe estar en un lugar destacado y visible.<\/p><h5>\u00bfDebo hacer alg\u00fan tr\u00e1mite para usar el bot\u00f3n de arrepentimiento?<\/h5><p>No. Nadie puede pedirte que te registres o hagas alg\u00fan otro tr\u00e1mite para usar el bot\u00f3n de arrepentimiento.<\/p><h5>\u00bfCu\u00e1nto tiempo tengo para usar el bot\u00f3n de arrepentimiento?<\/h5><p>10 d\u00edas corridos contados desde que te entregaron lo que compraste o desde que celebraste el contrato.<\/p><h5>\u00bfEl vendedor tiene alg\u00fan plazo para responder a mi arrepentimiento?<\/h5><p>A partir de tu arrepentimiento tiene 24 horas para informarte el n\u00famero de c\u00f3digo de identificaci\u00f3n de tu tr\u00e1mite.<br \/><br \/><\/p><h5>\u00bfDebo pagar para devolver lo que compr\u00e9?<\/h5><p>No. Los gastos de devoluci\u00f3n son por cuenta del vendedor.<\/p><p>Ten\u00e9s que poner lo que compraste a disposici\u00f3n del vendedor para hacer la devoluci\u00f3n.<\/p>\t\t\t\t\t\t\t\t<\/div>\n\t\t\t\t<\/div>\n\t\t\t\t\t<\/div>\n\t\t<\/div>\n\t\t\t\t\t<\/div>\n\t\t<\/section>\n\t\t\t\t<\/div>\n\t\t","protected":false},"excerpt":{"rendered":"<p>Bot\u00f3n de arrepentimiento. Los datos marcados con un * son obligatorios. Estos nos sirven para poder procesar la solicitud de manera eficaz. Una vez recibido el formulario nos contactaremos para avanzar en el caso. Informaci\u00f3n de inter\u00e9s \u00bfQu\u00e9 es el bot\u00f3n de arrepentimiento? Es un link que deben incluir las p\u00e1ginas web que venden productos [&hellip;]<\/p>\n","protected":false},"author":2,"featured_media":0,"parent":0,"menu_order":0,"comment_status":"closed","ping_status":"closed","template":"elementor_canvas","meta":{"footnotes":""},"class_list":["post-39","page","type-page","status-publish","hentry"],"_links":{"self":[{"href":"https:\/\/tiendaoficial.ar\/to\/wp-json\/wp\/v2\/pages\/39","targetHints":{"allow":["GET"]}}],"collection":[{"href":"https:\/\/tiendaoficial.ar\/to\/wp-json\/wp\/v2\/pages"}],"about":[{"href":"https:\/\/tiendaoficial.ar\/to\/wp-json\/wp\/v2\/types\/page"}],"author":[{"embeddable":true,"href":"https:\/\/tiendaoficial.ar\/to\/wp-json\/wp\/v2\/users\/2"}],"replies":[{"embeddable":true,"href":"https:\/\/tiendaoficial.ar\/to\/wp-json\/wp\/v2\/comments?post=39"}],"version-history":[{"count":10,"href":"https:\/\/tiendaoficial.ar\/to\/wp-json\/wp\/v2\/pages\/39\/revisions"}],"predecessor-version":[{"id":50,"href":"https:\/\/tiendaoficial.ar\/to\/wp-json\/wp\/v2\/pages\/39\/revisions\/50"}],"wp:attachment":[{"href":"https:\/\/tiendaoficial.ar\/to\/wp-json\/wp\/v2\/media?parent=39"}],"curies":[{"name":"wp","href":"https:\/\/api.w.org\/{rel}","templated":true}]}}