{"id":66,"date":"2023-11-08T20:57:51","date_gmt":"2023-11-08T20:57:51","guid":{"rendered":"https:\/\/tiendaoficial.ar\/to\/?page_id=66"},"modified":"2023-11-08T21:04:19","modified_gmt":"2023-11-08T21:04:19","slug":"libro-de-quejas-moderno-bazar","status":"publish","type":"page","link":"https:\/\/tiendaoficial.ar\/to\/libro-de-quejas-moderno-bazar\/","title":{"rendered":"Libro de Quejas Moderno Bazar"},"content":{"rendered":"\t\t<div data-elementor-type=\"wp-page\" data-elementor-id=\"66\" class=\"elementor elementor-66\">\n\t\t\t\t\t\t<section class=\"elementor-section elementor-top-section elementor-element elementor-element-6c2fb44 elementor-section-boxed elementor-section-height-default elementor-section-height-default\" data-id=\"6c2fb44\" data-element_type=\"section\" data-e-type=\"section\">\n\t\t\t\t\t\t<div class=\"elementor-container elementor-column-gap-default\">\n\t\t\t\t\t<div class=\"elementor-column elementor-col-100 elementor-top-column elementor-element elementor-element-3506333\" data-id=\"3506333\" data-element_type=\"column\" data-e-type=\"column\">\n\t\t\t<div class=\"elementor-widget-wrap elementor-element-populated\">\n\t\t\t\t\t\t<div class=\"elementor-element elementor-element-b8eb75c elementor-widget elementor-widget-image\" data-id=\"b8eb75c\" data-element_type=\"widget\" data-e-type=\"widget\" data-widget_type=\"image.default\">\n\t\t\t\t<div class=\"elementor-widget-container\">\n\t\t\t\t\t\t\t\t\t\t\t\t\t\t\t<img decoding=\"async\" width=\"300\" height=\"77\" src=\"https:\/\/tiendaoficial.ar\/to\/wp-content\/uploads\/2023\/11\/logo-1311744639-1540551427-344bcfd8a0bfdb0108dca86f415f46b11540551428-copia-300x77.png\" class=\"attachment-medium size-medium wp-image-68\" alt=\"\" srcset=\"https:\/\/tiendaoficial.ar\/to\/wp-content\/uploads\/2023\/11\/logo-1311744639-1540551427-344bcfd8a0bfdb0108dca86f415f46b11540551428-copia-300x77.png 300w, https:\/\/tiendaoficial.ar\/to\/wp-content\/uploads\/2023\/11\/logo-1311744639-1540551427-344bcfd8a0bfdb0108dca86f415f46b11540551428-copia.png 404w\" sizes=\"(max-width: 300px) 100vw, 300px\" \/>\t\t\t\t\t\t\t\t\t\t\t\t\t\t\t<\/div>\n\t\t\t\t<\/div>\n\t\t\t\t\t<\/div>\n\t\t<\/div>\n\t\t\t\t\t<\/div>\n\t\t<\/section>\n\t\t\t\t<section class=\"elementor-section elementor-top-section elementor-element elementor-element-c32148c elementor-section-boxed elementor-section-height-default elementor-section-height-default\" data-id=\"c32148c\" data-element_type=\"section\" data-e-type=\"section\">\n\t\t\t\t\t\t<div class=\"elementor-container elementor-column-gap-default\">\n\t\t\t\t\t<div class=\"elementor-column elementor-col-100 elementor-top-column elementor-element elementor-element-37127d6\" data-id=\"37127d6\" data-element_type=\"column\" data-e-type=\"column\">\n\t\t\t<div class=\"elementor-widget-wrap elementor-element-populated\">\n\t\t\t\t\t\t<div class=\"elementor-element elementor-element-58097e0 elementor-widget elementor-widget-heading\" data-id=\"58097e0\" data-element_type=\"widget\" data-e-type=\"widget\" data-widget_type=\"heading.default\">\n\t\t\t\t<div class=\"elementor-widget-container\">\n\t\t\t\t\t<h2 class=\"elementor-heading-title elementor-size-default\">Libro de quejas, agradecimientos, sugerencias y reclamos.<\/h2>\t\t\t\t<\/div>\n\t\t\t\t<\/div>\n\t\t\t\t<div class=\"elementor-element elementor-element-3e3b7d9 elementor-widget elementor-widget-shortcode\" data-id=\"3e3b7d9\" data-element_type=\"widget\" data-e-type=\"widget\" data-widget_type=\"shortcode.default\">\n\t\t\t\t<div class=\"elementor-widget-container\">\n\t\t\t\t\t\t\t<div class=\"elementor-shortcode\"><div class=\"forminator-ui forminator-custom-form forminator-custom-form-72 forminator-design--material  forminator_ajax\" data-forminator-render=\"0\" data-form=\"forminator-module-72\" data-uid=\"69e1f5f2a1ddb\"><br\/><\/div><form\n\t\t\t\tid=\"forminator-module-72\"\n\t\t\t\tclass=\"forminator-ui forminator-custom-form forminator-custom-form-72 forminator-design--material  forminator_ajax\"\n\t\t\t\tmethod=\"post\"\n\t\t\t\tdata-forminator-render=\"0\"\n\t\t\t\tdata-form-id=\"72\"\n\t\t\t\t data-color-option=\"default\" data-design=\"material\" data-grid=\"open\" style=\"display: none;\"\n\t\t\t\tdata-uid=\"69e1f5f2a1ddb\"\n\t\t\t><div role=\"alert\" aria-live=\"polite\" class=\"forminator-response-message forminator-error\" aria-hidden=\"true\"><\/div><div class=\"forminator-row\"><div id=\"name-1\" class=\"forminator-field-name forminator-col forminator-col-12 \"><div class=\"forminator-field\"><label for=\"forminator-field-name-1_69e1f5f2a1ddb\" id=\"forminator-field-name-1_69e1f5f2a1ddb-label\" class=\"forminator-label\">Nombre completo <span class=\"forminator-required\">*<\/span><\/label><input type=\"text\" name=\"name-1\" value=\"\" placeholder=\"Ejemplo: Juan P\u00e9rez\" id=\"forminator-field-name-1_69e1f5f2a1ddb\" class=\"forminator-input forminator-name--field\" aria-required=\"true\" autocomplete=\"name\" \/><\/div><\/div><\/div><div class=\"forminator-row\"><div id=\"email-1\" class=\"forminator-field-email forminator-col forminator-col-12 \"><div class=\"forminator-field\"><label for=\"forminator-field-email-1_69e1f5f2a1ddb\" id=\"forminator-field-email-1_69e1f5f2a1ddb-label\" class=\"forminator-label\">Correo electr\u00f3nico <span class=\"forminator-required\">*<\/span><\/label><input type=\"email\" name=\"email-1\" value=\"\" placeholder=\"\" id=\"forminator-field-email-1_69e1f5f2a1ddb\" class=\"forminator-input forminator-email--field\" data-required=\"1\" aria-required=\"true\" autocomplete=\"email\" \/><\/div><\/div><\/div><div class=\"forminator-row\"><div id=\"phone-1\" class=\"forminator-field-phone forminator-col forminator-col-12 \"><div class=\"forminator-field\"><label for=\"forminator-field-phone-1_69e1f5f2a1ddb\" id=\"forminator-field-phone-1_69e1f5f2a1ddb-label\" class=\"forminator-label\">Tel\u00e9fono <span class=\"forminator-required\">*<\/span><\/label><input type=\"text\" name=\"phone-1\" value=\"\" placeholder=\"Ejemplo: +1 300 400 5000\" id=\"forminator-field-phone-1_69e1f5f2a1ddb\" class=\"forminator-input forminator-field--phone\" data-required=\"1\" aria-required=\"true\" autocomplete=\"off\" \/><\/div><\/div><\/div><div class=\"forminator-row\"><div id=\"textarea-1\" class=\"forminator-field-textarea forminator-col forminator-col-12 \"><div class=\"forminator-field\"><label for=\"forminator-field-textarea-1_69e1f5f2a1ddb\" id=\"forminator-field-textarea-1_69e1f5f2a1ddb-label\" class=\"forminator-label\">Comentario <span class=\"forminator-required\">*<\/span><\/label><textarea name=\"textarea-1\" placeholder=\"Ejemplo: texto de marcador de posici\u00f3n Puedes a\u00f1adir una nueva l\u00ednea\" id=\"forminator-field-textarea-1_69e1f5f2a1ddb\" class=\"forminator-textarea\" rows=\"6\" style=\"min-height:140px;\" ><\/textarea><\/div><\/div><\/div><input type=\"hidden\" name=\"referer_url\" value=\"\" \/><div class=\"forminator-row forminator-row-last\"><div class=\"forminator-col\"><div class=\"forminator-field\"><button class=\"forminator-button forminator-button-submit\"><span>Enviar mensaje<\/span><span aria-hidden=\"true\"><\/span><\/button><\/div><\/div><\/div><input type=\"hidden\" id=\"forminator_nonce\" name=\"forminator_nonce\" value=\"dda113c628\" \/><input type=\"hidden\" name=\"_wp_http_referer\" value=\"\/to\/wp-json\/wp\/v2\/pages\/66\" \/><input type=\"hidden\" name=\"form_id\" value=\"72\"><input type=\"hidden\" name=\"page_id\" value=\"66\"><input type=\"hidden\" name=\"form_type\" value=\"default\"><input type=\"hidden\" name=\"current_url\" value=\"https:\/\/tiendaoficial.ar\/to\/libro-de-quejas-moderno-bazar\/\"><input type=\"hidden\" name=\"render_id\" value=\"0\"><input type=\"hidden\" name=\"action\" value=\"forminator_submit_form_custom-forms\"><\/form><\/div>\n\t\t\t\t\t\t<\/div>\n\t\t\t\t<\/div>\n\t\t\t\t\t<\/div>\n\t\t<\/div>\n\t\t\t\t\t<\/div>\n\t\t<\/section>\n\t\t\t\t<\/div>\n\t\t","protected":false},"excerpt":{"rendered":"<p>Libro de quejas, agradecimientos, sugerencias y reclamos.<\/p>\n","protected":false},"author":2,"featured_media":0,"parent":0,"menu_order":0,"comment_status":"closed","ping_status":"closed","template":"elementor_canvas","meta":{"footnotes":""},"class_list":["post-66","page","type-page","status-publish","hentry"],"_links":{"self":[{"href":"https:\/\/tiendaoficial.ar\/to\/wp-json\/wp\/v2\/pages\/66","targetHints":{"allow":["GET"]}}],"collection":[{"href":"https:\/\/tiendaoficial.ar\/to\/wp-json\/wp\/v2\/pages"}],"about":[{"href":"https:\/\/tiendaoficial.ar\/to\/wp-json\/wp\/v2\/types\/page"}],"author":[{"embeddable":true,"href":"https:\/\/tiendaoficial.ar\/to\/wp-json\/wp\/v2\/users\/2"}],"replies":[{"embeddable":true,"href":"https:\/\/tiendaoficial.ar\/to\/wp-json\/wp\/v2\/comments?post=66"}],"version-history":[{"count":7,"href":"https:\/\/tiendaoficial.ar\/to\/wp-json\/wp\/v2\/pages\/66\/revisions"}],"predecessor-version":[{"id":76,"href":"https:\/\/tiendaoficial.ar\/to\/wp-json\/wp\/v2\/pages\/66\/revisions\/76"}],"wp:attachment":[{"href":"https:\/\/tiendaoficial.ar\/to\/wp-json\/wp\/v2\/media?parent=66"}],"curies":[{"name":"wp","href":"https:\/\/api.w.org\/{rel}","templated":true}]}}